{"id":41,"date":"2024-10-04T11:49:28","date_gmt":"2024-10-04T09:49:28","guid":{"rendered":"https:\/\/groupe-fyra.fr\/?page_id=41"},"modified":"2025-01-06T12:20:31","modified_gmt":"2025-01-06T11:20:31","slug":"recrutement","status":"publish","type":"page","link":"https:\/\/groupe-fyra.fr\/index.php\/recrutement\/","title":{"rendered":"Recrutement"},"content":{"rendered":"\n<p><strong>Parce que vous souhaitez int\u00e9grer une entreprise avec de fortes valeurs entrepreneuriales pour apprendre ou exercer votre m\u00e9tier.<\/strong><\/p>\n\n\n\n<p>Les offres et les demandes d\u2019emploi pour les entreprises du Groupe s\u2019effectuent \u00e0 partir du<strong>&nbsp;site recrutement du Groupe Fyra.<\/strong><\/p>\n\n\n\n<p>Avec des recrutements en CDI, le Groupe Fyra ouvre des postes dans plusieurs m\u00e9tiers et \u00e0 tous les niveaux de profils.<\/p>\n\n\n\n<p>Nous accueillons \u00e9galement les stagiaires et alternants sur l\u2019ensemble de nos soci\u00e9t\u00e9s. Stage, derni\u00e8re ann\u00e9e \u00e9cole d\u2019ing\u00e9nieur, stage chantiers, alternance CAP et BEP chantiers\u2026<\/p>\n\n\n\n<figure class=\"wp-block-pullquote\"><blockquote><p><img loading=\"lazy\" decoding=\"async\" width=\"150\" height=\"150\" srcset=\"\" src=\"https:\/\/www.groupe-cassous.com\/wp-content\/uploads\/2021\/02\/recrutement-picto-candidature.svg\" alt=\"recrutement picto candidature hover \"><br>Candidature<br>Vous souhaitez nous rejoindre ? Envoyez nous votre candidature avec CV. Nous traiterons votre demande dans les meilleurs d\u00e9lais.<\/p><cite>recrutement@groupe-Fyra.fr<\/cite><\/blockquote><\/figure>\n\n\n\n<h3 class=\"wp-block-heading\"><em>Nos Derni\u00e8res Offre<\/em>s<\/h3>\n\n\n\n<div class=\"wp-block-group is-vertical is-layout-flex wp-container-core-group-is-layout-fe9cc265 wp-block-group-is-layout-flex\">\n<div class=\"wp-block-columns is-layout-flex wp-container-core-columns-is-layout-28f84493 wp-block-columns-is-layout-flex\">\n<div class=\"wp-block-column is-layout-flow wp-block-column-is-layout-flow\" style=\"flex-basis:100%\">\n<div class=\"wp-block-group is-vertical is-layout-flex wp-container-core-group-is-layout-fe9cc265 wp-block-group-is-layout-flex\"><ul class=\"wp-block-latest-posts__list wp-block-latest-posts\"><li><a class=\"wp-block-latest-posts__post-title\" href=\"https:\/\/groupe-fyra.fr\/index.php\/2024\/10\/04\/cdi-35h-technicien-depannage\/\">CDI \/ 35h \/ Technicien D\u00e9pannage<\/a><\/li>\n<li><a class=\"wp-block-latest-posts__post-title\" href=\"https:\/\/groupe-fyra.fr\/index.php\/2024\/10\/04\/plombier-plombiere\/\">CDI \/ 35h \/ Plombier &#8211; Plombi\u00e8re<\/a><\/li>\n<\/ul><\/div>\n<\/div>\n<\/div>\n<\/div>\n\n\n\n<div class=\"wp-block-group is-layout-grid wp-container-core-group-is-layout-478b6e6b wp-block-group-is-layout-grid\">\n<figure class=\"wp-block-gallery has-nested-images columns-default is-cropped wp-block-gallery-1 is-layout-flex wp-block-gallery-is-layout-flex\"><\/figure>\n\n\n\n<figure class=\"wp-block-gallery has-nested-images columns-default is-cropped wp-block-gallery-2 is-layout-flex wp-block-gallery-is-layout-flex\">\n<figure class=\"wp-block-image size-full\"><img loading=\"lazy\" decoding=\"async\" width=\"750\" height=\"472\" data-id=\"58\" src=\"https:\/\/groupe-fyra.fr\/wp-content\/uploads\/2024\/10\/recrutement.jpg\" alt=\"\" class=\"wp-image-58\" srcset=\"https:\/\/groupe-fyra.fr\/wp-content\/uploads\/2024\/10\/recrutement.jpg 750w, https:\/\/groupe-fyra.fr\/wp-content\/uploads\/2024\/10\/recrutement-300x189.jpg 300w\" sizes=\"auto, (max-width: 750px) 100vw, 750px\" \/><\/figure>\n<\/figure>\n<\/div>\n","protected":false},"excerpt":{"rendered":"<p>Parce que vous souhaitez int\u00e9grer une entreprise avec de fortes valeurs entrepreneuriales pour apprendre ou exercer votre m\u00e9tier. Les offres et les demandes d\u2019emploi pour les entreprises du Groupe s\u2019effectuent \u00e0 partir du&nbsp;site recrutement du Groupe Fyra. Avec des recrutements en CDI, le Groupe Fyra ouvre des postes dans plusieurs m\u00e9tiers et \u00e0 tous les [&hellip;]<\/p>\n","protected":false},"author":1,"featured_media":0,"parent":0,"menu_order":0,"comment_status":"closed","ping_status":"closed","template":"","meta":{"footnotes":""},"class_list":["post-41","page","type-page","status-publish","hentry"],"_links":{"self":[{"href":"https:\/\/groupe-fyra.fr\/index.php\/wp-json\/wp\/v2\/pages\/41","targetHints":{"allow":["GET"]}}],"collection":[{"href":"https:\/\/groupe-fyra.fr\/index.php\/wp-json\/wp\/v2\/pages"}],"about":[{"href":"https:\/\/groupe-fyra.fr\/index.php\/wp-json\/wp\/v2\/types\/page"}],"author":[{"embeddable":true,"href":"https:\/\/groupe-fyra.fr\/index.php\/wp-json\/wp\/v2\/users\/1"}],"replies":[{"embeddable":true,"href":"https:\/\/groupe-fyra.fr\/index.php\/wp-json\/wp\/v2\/comments?post=41"}],"version-history":[{"count":6,"href":"https:\/\/groupe-fyra.fr\/index.php\/wp-json\/wp\/v2\/pages\/41\/revisions"}],"predecessor-version":[{"id":77,"href":"https:\/\/groupe-fyra.fr\/index.php\/wp-json\/wp\/v2\/pages\/41\/revisions\/77"}],"wp:attachment":[{"href":"https:\/\/groupe-fyra.fr\/index.php\/wp-json\/wp\/v2\/media?parent=41"}],"curies":[{"name":"wp","href":"https:\/\/api.w.org\/{rel}","templated":true}]}}